{"id":2383,"date":"2020-09-27T15:07:05","date_gmt":"2020-09-27T21:07:05","guid":{"rendered":"https:\/\/the7.io\/elementor-agency\/?page_id=2383"},"modified":"2023-09-18T06:10:12","modified_gmt":"2023-09-18T12:10:12","slug":"privacy-policy","status":"publish","type":"page","link":"https:\/\/hotelnannycr.com\/es\/privacy-policy\/","title":{"rendered":"Pol\u00edtica de privacidad"},"content":{"rendered":"<div data-elementor-type=\"wp-page\" data-elementor-id=\"2383\" class=\"elementor elementor-2383\" data-elementor-post-type=\"page\">\n\t\t\t\t\t\t<section class=\"elementor-section elementor-top-section elementor-element elementor-element-eff0e47 elementor-section-boxed elementor-section-height-default elementor-section-height-default\" data-id=\"eff0e47\" data-element_type=\"section\" data-e-type=\"section\">\n\t\t\t\t\t\t<div class=\"elementor-container elementor-column-gap-wider\">\n\t\t\t\t\t<div class=\"elementor-column elementor-col-100 elementor-top-column elementor-element elementor-element-30f47e7\" data-id=\"30f47e7\" data-element_type=\"column\" data-e-type=\"column\">\n\t\t\t<div class=\"elementor-widget-wrap elementor-element-populated\">\n\t\t\t\t\t\t<div class=\"elementor-element elementor-element-ec751e6 elementor-widget elementor-widget-text-editor\" data-id=\"ec751e6\" data-element_type=\"widget\" data-e-type=\"widget\" data-widget_type=\"text-editor.default\">\n\t\t\t\t<div class=\"elementor-widget-container\">\n\t\t\t\t\t\t\t\t\t<p>En Hotel Nanny CR, valoramos su privacidad. Esta Pol\u00edtica de Privacidad explica c\u00f3mo utilizamos y protegemos su informaci\u00f3n cuando utiliza nuestros servicios de cuidado de ni\u00f1os.<\/p><p>Utilizamos su informaci\u00f3n para:<\/p><ul><li>Prestaci\u00f3n de servicios de guarder\u00eda<\/li><li>Comunicaci\u00f3n sobre nuestros servicios<\/li><li>Cumplimiento legal<\/li><li>Mejora de los servicios<\/li><\/ul><p>No vendemos sus datos. S\u00f3lo los compartimos con el personal autorizado y para el cumplimiento de la ley. Usted tiene derechos de acceso, rectificaci\u00f3n, supresi\u00f3n y obtenci\u00f3n de sus datos. P\u00f3ngase en contacto con nosotros.<\/p><p>Si tiene alguna pregunta o solicitud en relaci\u00f3n con su privacidad, p\u00f3ngase en contacto con nosotros en <a href=\"mailto:hotelnannycr@gmail.com\">hotelnannycr@gmail.com<\/a>.<\/p><p>Gracias por confiarnos el cuidado de su hijo. Su privacidad es esencial para nosotros.<\/p>\t\t\t\t\t\t\t\t<\/div>\n\t\t\t\t<\/div>\n\t\t\t\t\t<\/div>\n\t\t<\/div>\n\t\t\t\t\t<\/div>\n\t\t<\/section>\n\t\t\t\t<\/div>","protected":false},"excerpt":{"rendered":"<p>At Hotel Nanny CR, we value your privacy. This Privacy Policy explains how we use and protect your information when you use our child care services. We use your information for: Providing child care services Communication about our services Legal compliance Service improvement We do not sell your data. We share it only with authorized&hellip;<\/p>","protected":false},"author":2,"featured_media":0,"parent":0,"menu_order":920,"comment_status":"closed","ping_status":"closed","template":"","meta":{"footnotes":""},"class_list":["post-2383","page","type-page","status-publish","hentry"],"yoast_head":"<!-- This site is optimized with the Yoast SEO plugin v27.4 - https:\/\/yoast.com\/product\/yoast-seo-wordpress\/ -->\n<title>Privacy Policy - Hotel Nanny CR<\/title>\n<meta name=\"robots\" content=\"index, follow, max-snippet:-1, max-image-preview:large, max-video-preview:-1\" \/>\n<link rel=\"canonical\" href=\"https:\/\/hotelnannycr.com\/es\/privacy-policy\/\" \/>\n<meta property=\"og:locale\" content=\"es_ES\" \/>\n<meta property=\"og:type\" content=\"article\" \/>\n<meta property=\"og:title\" content=\"Privacy Policy - Hotel Nanny CR\" \/>\n<meta property=\"og:description\" content=\"At Hotel Nanny CR, we value your privacy. This Privacy Policy explains how we use and protect your information when you use our child care services. We use your information for: Providing child care services Communication about our services Legal compliance Service improvement We do not sell your data. We share it only with authorized&hellip;\" \/>\n<meta property=\"og:url\" content=\"https:\/\/hotelnannycr.com\/es\/privacy-policy\/\" \/>\n<meta property=\"og:site_name\" content=\"Hotel Nanny CR\" \/>\n<meta property=\"article:publisher\" content=\"https:\/\/www.facebook.com\/people\/Hotel-Nanny-CR\" \/>\n<meta property=\"article:modified_time\" content=\"2023-09-18T12:10:12+00:00\" \/>\n<meta name=\"twitter:card\" content=\"summary_large_image\" \/>\n<meta name=\"twitter:label1\" content=\"Est. reading time\" \/>\n\t<meta name=\"twitter:data1\" content=\"1 minuto\" \/>\n<script type=\"application\/ld+json\" class=\"yoast-schema-graph\">{\"@context\":\"https:\\\/\\\/schema.org\",\"@graph\":[{\"@type\":\"WebPage\",\"@id\":\"https:\\\/\\\/hotelnannycr.com\\\/privacy-policy\\\/\",\"url\":\"https:\\\/\\\/hotelnannycr.com\\\/privacy-policy\\\/\",\"name\":\"Privacy Policy - Hotel Nanny CR\",\"isPartOf\":{\"@id\":\"https:\\\/\\\/hotelnannycr.com\\\/#website\"},\"datePublished\":\"2020-09-27T21:07:05+00:00\",\"dateModified\":\"2023-09-18T12:10:12+00:00\",\"breadcrumb\":{\"@id\":\"https:\\\/\\\/hotelnannycr.com\\\/privacy-policy\\\/#breadcrumb\"},\"inLanguage\":\"es-CR\",\"potentialAction\":[{\"@type\":\"ReadAction\",\"target\":[\"https:\\\/\\\/hotelnannycr.com\\\/privacy-policy\\\/\"]}]},{\"@type\":\"BreadcrumbList\",\"@id\":\"https:\\\/\\\/hotelnannycr.com\\\/privacy-policy\\\/#breadcrumb\",\"itemListElement\":[{\"@type\":\"ListItem\",\"position\":1,\"name\":\"Home\",\"item\":\"https:\\\/\\\/hotelnannycr.com\\\/\"},{\"@type\":\"ListItem\",\"position\":2,\"name\":\"Privacy Policy\"}]},{\"@type\":\"WebSite\",\"@id\":\"https:\\\/\\\/hotelnannycr.com\\\/#website\",\"url\":\"https:\\\/\\\/hotelnannycr.com\\\/\",\"name\":\"Hotel Nanny CR\",\"description\":\"Vacation Child Care in Costa Rica\",\"publisher\":{\"@id\":\"https:\\\/\\\/hotelnannycr.com\\\/#organization\"},\"potentialAction\":[{\"@type\":\"SearchAction\",\"target\":{\"@type\":\"EntryPoint\",\"urlTemplate\":\"https:\\\/\\\/hotelnannycr.com\\\/?s={search_term_string}\"},\"query-input\":{\"@type\":\"PropertyValueSpecification\",\"valueRequired\":true,\"valueName\":\"search_term_string\"}}],\"inLanguage\":\"es-CR\"},{\"@type\":\"Organization\",\"@id\":\"https:\\\/\\\/hotelnannycr.com\\\/#organization\",\"name\":\"Hotel Nanny CR\",\"url\":\"https:\\\/\\\/hotelnannycr.com\\\/\",\"logo\":{\"@type\":\"ImageObject\",\"inLanguage\":\"es-CR\",\"@id\":\"https:\\\/\\\/hotelnannycr.com\\\/#\\\/schema\\\/logo\\\/image\\\/\",\"url\":\"https:\\\/\\\/hotelnannycr.com\\\/wp-content\\\/uploads\\\/2020\\\/09\\\/Logo-Colors-Transparent.png\",\"contentUrl\":\"https:\\\/\\\/hotelnannycr.com\\\/wp-content\\\/uploads\\\/2020\\\/09\\\/Logo-Colors-Transparent.png\",\"width\":5000,\"height\":2813,\"caption\":\"Hotel Nanny CR\"},\"image\":{\"@id\":\"https:\\\/\\\/hotelnannycr.com\\\/#\\\/schema\\\/logo\\\/image\\\/\"},\"sameAs\":[\"https:\\\/\\\/www.facebook.com\\\/people\\\/Hotel-Nanny-CR\"]}]}<\/script>\n<!-- \/ Yoast SEO plugin. -->","yoast_head_json":{"title":"Privacy Policy - Hotel Nanny CR","robots":{"index":"index","follow":"follow","max-snippet":"max-snippet:-1","max-image-preview":"max-image-preview:large","max-video-preview":"max-video-preview:-1"},"canonical":"https:\/\/hotelnannycr.com\/es\/privacy-policy\/","og_locale":"es_ES","og_type":"article","og_title":"Privacy Policy - Hotel Nanny CR","og_description":"At Hotel Nanny CR, we value your privacy. This Privacy Policy explains how we use and protect your information when you use our child care services. We use your information for: Providing child care services Communication about our services Legal compliance Service improvement We do not sell your data. We share it only with authorized&hellip;","og_url":"https:\/\/hotelnannycr.com\/es\/privacy-policy\/","og_site_name":"Hotel Nanny CR","article_publisher":"https:\/\/www.facebook.com\/people\/Hotel-Nanny-CR","article_modified_time":"2023-09-18T12:10:12+00:00","twitter_card":"summary_large_image","twitter_misc":{"Est. reading time":"1 minuto"},"schema":{"@context":"https:\/\/schema.org","@graph":[{"@type":"WebPage","@id":"https:\/\/hotelnannycr.com\/privacy-policy\/","url":"https:\/\/hotelnannycr.com\/privacy-policy\/","name":"Privacy Policy - Hotel Nanny CR","isPartOf":{"@id":"https:\/\/hotelnannycr.com\/#website"},"datePublished":"2020-09-27T21:07:05+00:00","dateModified":"2023-09-18T12:10:12+00:00","breadcrumb":{"@id":"https:\/\/hotelnannycr.com\/privacy-policy\/#breadcrumb"},"inLanguage":"es-CR","potentialAction":[{"@type":"ReadAction","target":["https:\/\/hotelnannycr.com\/privacy-policy\/"]}]},{"@type":"BreadcrumbList","@id":"https:\/\/hotelnannycr.com\/privacy-policy\/#breadcrumb","itemListElement":[{"@type":"ListItem","position":1,"name":"Home","item":"https:\/\/hotelnannycr.com\/"},{"@type":"ListItem","position":2,"name":"Privacy Policy"}]},{"@type":"WebSite","@id":"https:\/\/hotelnannycr.com\/#website","url":"https:\/\/hotelnannycr.com\/","name":"Hotel Nanny CR","description":"Vacation Child Care in Costa Rica","publisher":{"@id":"https:\/\/hotelnannycr.com\/#organization"},"potentialAction":[{"@type":"SearchAction","target":{"@type":"EntryPoint","urlTemplate":"https:\/\/hotelnannycr.com\/?s={search_term_string}"},"query-input":{"@type":"PropertyValueSpecification","valueRequired":true,"valueName":"search_term_string"}}],"inLanguage":"es-CR"},{"@type":"Organization","@id":"https:\/\/hotelnannycr.com\/#organization","name":"Hotel Nanny CR","url":"https:\/\/hotelnannycr.com\/","logo":{"@type":"ImageObject","inLanguage":"es-CR","@id":"https:\/\/hotelnannycr.com\/#\/schema\/logo\/image\/","url":"https:\/\/hotelnannycr.com\/wp-content\/uploads\/2020\/09\/Logo-Colors-Transparent.png","contentUrl":"https:\/\/hotelnannycr.com\/wp-content\/uploads\/2020\/09\/Logo-Colors-Transparent.png","width":5000,"height":2813,"caption":"Hotel Nanny CR"},"image":{"@id":"https:\/\/hotelnannycr.com\/#\/schema\/logo\/image\/"},"sameAs":["https:\/\/www.facebook.com\/people\/Hotel-Nanny-CR"]}]}},"_links":{"self":[{"href":"https:\/\/hotelnannycr.com\/es\/wp-json\/wp\/v2\/pages\/2383","targetHints":{"allow":["GET"]}}],"collection":[{"href":"https:\/\/hotelnannycr.com\/es\/wp-json\/wp\/v2\/pages"}],"about":[{"href":"https:\/\/hotelnannycr.com\/es\/wp-json\/wp\/v2\/types\/page"}],"author":[{"embeddable":true,"href":"https:\/\/hotelnannycr.com\/es\/wp-json\/wp\/v2\/users\/2"}],"replies":[{"embeddable":true,"href":"https:\/\/hotelnannycr.com\/es\/wp-json\/wp\/v2\/comments?post=2383"}],"version-history":[{"count":8,"href":"https:\/\/hotelnannycr.com\/es\/wp-json\/wp\/v2\/pages\/2383\/revisions"}],"predecessor-version":[{"id":8461,"href":"https:\/\/hotelnannycr.com\/es\/wp-json\/wp\/v2\/pages\/2383\/revisions\/8461"}],"wp:attachment":[{"href":"https:\/\/hotelnannycr.com\/es\/wp-json\/wp\/v2\/media?parent=2383"}],"curies":[{"name":"wp","href":"https:\/\/api.w.org\/{rel}","templated":true}]}}