{"id":2385,"date":"2020-09-27T15:07:34","date_gmt":"2020-09-27T21:07:34","guid":{"rendered":"https:\/\/the7.io\/elementor-agency\/?page_id=2385"},"modified":"2023-09-18T06:20:22","modified_gmt":"2023-09-18T12:20:22","slug":"terms-and-conditions","status":"publish","type":"page","link":"https:\/\/hotelnannycr.com\/es\/terms-and-conditions\/","title":{"rendered":"Condiciones generales"},"content":{"rendered":"<div data-elementor-type=\"wp-page\" data-elementor-id=\"2385\" class=\"elementor elementor-2385\" data-elementor-post-type=\"page\">\n\t\t\t\t\t\t<section class=\"elementor-section elementor-top-section elementor-element elementor-element-0f4a400 elementor-section-boxed elementor-section-height-default elementor-section-height-default\" data-id=\"0f4a400\" data-element_type=\"section\" data-e-type=\"section\">\n\t\t\t\t\t\t<div class=\"elementor-container elementor-column-gap-wider\">\n\t\t\t\t\t<div class=\"elementor-column elementor-col-100 elementor-top-column elementor-element elementor-element-b0c11ed\" data-id=\"b0c11ed\" data-element_type=\"column\" data-e-type=\"column\">\n\t\t\t<div class=\"elementor-widget-wrap elementor-element-populated\">\n\t\t\t\t\t\t<div class=\"elementor-element elementor-element-b092721 elementor-widget elementor-widget-text-editor\" data-id=\"b092721\" data-element_type=\"widget\" data-e-type=\"widget\" data-widget_type=\"text-editor.default\">\n\t\t\t\t<div class=\"elementor-widget-container\">\n\t\t\t\t\t\t\t\t\t<h4 style=\"text-align: center;\"><strong>Condiciones de los servicios de guarder\u00eda<\/strong><\/h4><p>Lea atentamente estas condiciones antes de inscribir a su hijo en nuestros servicios de guarder\u00eda. Al utilizar nuestros servicios, usted acepta cumplir y estar obligado por estos t\u00e9rminos y condiciones.<\/p><p><strong>Reservas<\/strong>: La inscripci\u00f3n en nuestros servicios de guarder\u00eda est\u00e1 sujeta a disponibilidad y se realiza por orden de llegada. Los padres\/tutores legales deben rellenar correctamente todos los formularios de inscripci\u00f3n requeridos y proporcionar informaci\u00f3n de contacto de emergencia actualizada.<\/p><p><strong>Pago<\/strong>: Los pagos se efectuar\u00e1n una vez confirmada la fecha\/hora de la reserva. Los horarios no se reservar\u00e1n hasta que se reciba el pago.<\/p><p><strong>Informaci\u00f3n m\u00e9dica y sanitaria<\/strong>: Podemos administrar primeros auxilios b\u00e1sicos en caso necesario. En caso de urgencia m\u00e9dica, buscaremos los servicios de emergencia y avisaremos a los padres\/tutores.<\/p><p><strong>Comportamiento y disciplina<\/strong>: Promovemos t\u00e9cnicas de orientaci\u00f3n positiva del comportamiento y no nos involucraremos en abusos f\u00edsicos, verbales o emocionales. Se espera que los padres\/tutores legales se comuniquen y trabajen con nosotros para abordar cualquier problema de comportamiento.<\/p><p><strong>Privacidad y confidencialidad<\/strong>: Mantendremos la confidencialidad de toda la informaci\u00f3n relacionada con su hijo y su familia. Solo se tomar\u00e1n fotograf\u00edas o v\u00eddeos de los ni\u00f1os con el consentimiento de los padres.<\/p><p><strong>Responsabilidad<\/strong>: Tenemos un seguro de responsabilidad civil, pero se recomienda a los padres\/tutores legales que tengan su propio seguro. No nos hacemos responsables de la p\u00e9rdida o da\u00f1o de objetos personales.<\/p><p><strong>Derecho aplicable<\/strong>: Estos t\u00e9rminos y condiciones se rigen por las leyes de Costa Rica.<\/p><p>Al inscribir a su hijo en nuestros servicios de guarder\u00eda, usted reconoce que ha le\u00eddo, entendido y aceptado estos t\u00e9rminos y condiciones. Si tiene alguna pregunta o duda, no dude en ponerse en contacto con nosotros.<\/p>\t\t\t\t\t\t\t\t<\/div>\n\t\t\t\t<\/div>\n\t\t\t\t\t<\/div>\n\t\t<\/div>\n\t\t\t\t\t<\/div>\n\t\t<\/section>\n\t\t\t\t<\/div>","protected":false},"excerpt":{"rendered":"<p>Terms and Conditions for Child Care Services Please read these terms and conditions carefully before enrolling your child in our childcare services. By using our services, you agree to comply with and be bound by these terms and conditions. Reservations: Enrollment in our child care services is subject to availability and is based on a&hellip;<\/p>","protected":false},"author":2,"featured_media":0,"parent":0,"menu_order":910,"comment_status":"closed","ping_status":"closed","template":"","meta":{"footnotes":""},"class_list":["post-2385","page","type-page","status-publish","hentry"],"yoast_head":"<!-- This site is optimized with the Yoast SEO plugin v27.3 - https:\/\/yoast.com\/product\/yoast-seo-wordpress\/ -->\n<title>Terms &amp; Conditions - Hotel Nanny CR<\/title>\n<meta name=\"robots\" content=\"index, follow, max-snippet:-1, max-image-preview:large, max-video-preview:-1\" \/>\n<link rel=\"canonical\" href=\"https:\/\/hotelnannycr.com\/es\/terms-and-conditions\/\" \/>\n<meta property=\"og:locale\" content=\"es_ES\" \/>\n<meta property=\"og:type\" content=\"article\" \/>\n<meta property=\"og:title\" content=\"Terms &amp; Conditions - Hotel Nanny CR\" \/>\n<meta property=\"og:description\" content=\"Terms and Conditions for Child Care Services Please read these terms and conditions carefully before enrolling your child in our childcare services. By using our services, you agree to comply with and be bound by these terms and conditions. Reservations: Enrollment in our child care services is subject to availability and is based on a&hellip;\" \/>\n<meta property=\"og:url\" content=\"https:\/\/hotelnannycr.com\/es\/terms-and-conditions\/\" \/>\n<meta property=\"og:site_name\" content=\"Hotel Nanny CR\" \/>\n<meta property=\"article:publisher\" content=\"https:\/\/www.facebook.com\/people\/Hotel-Nanny-CR\" \/>\n<meta property=\"article:modified_time\" content=\"2023-09-18T12:20:22+00:00\" \/>\n<meta name=\"twitter:card\" content=\"summary_large_image\" \/>\n<meta name=\"twitter:label1\" content=\"Est. reading time\" \/>\n\t<meta name=\"twitter:data1\" content=\"1 minuto\" \/>\n<script type=\"application\/ld+json\" class=\"yoast-schema-graph\">{\"@context\":\"https:\\\/\\\/schema.org\",\"@graph\":[{\"@type\":\"WebPage\",\"@id\":\"https:\\\/\\\/hotelnannycr.com\\\/terms-and-conditions\\\/\",\"url\":\"https:\\\/\\\/hotelnannycr.com\\\/terms-and-conditions\\\/\",\"name\":\"Terms & Conditions - Hotel Nanny CR\",\"isPartOf\":{\"@id\":\"https:\\\/\\\/hotelnannycr.com\\\/#website\"},\"datePublished\":\"2020-09-27T21:07:34+00:00\",\"dateModified\":\"2023-09-18T12:20:22+00:00\",\"breadcrumb\":{\"@id\":\"https:\\\/\\\/hotelnannycr.com\\\/terms-and-conditions\\\/#breadcrumb\"},\"inLanguage\":\"es-CR\",\"potentialAction\":[{\"@type\":\"ReadAction\",\"target\":[\"https:\\\/\\\/hotelnannycr.com\\\/terms-and-conditions\\\/\"]}]},{\"@type\":\"BreadcrumbList\",\"@id\":\"https:\\\/\\\/hotelnannycr.com\\\/terms-and-conditions\\\/#breadcrumb\",\"itemListElement\":[{\"@type\":\"ListItem\",\"position\":1,\"name\":\"Home\",\"item\":\"https:\\\/\\\/hotelnannycr.com\\\/\"},{\"@type\":\"ListItem\",\"position\":2,\"name\":\"Terms &#038; Conditions\"}]},{\"@type\":\"WebSite\",\"@id\":\"https:\\\/\\\/hotelnannycr.com\\\/#website\",\"url\":\"https:\\\/\\\/hotelnannycr.com\\\/\",\"name\":\"Hotel Nanny CR\",\"description\":\"Vacation Child Care in Costa Rica\",\"publisher\":{\"@id\":\"https:\\\/\\\/hotelnannycr.com\\\/#organization\"},\"potentialAction\":[{\"@type\":\"SearchAction\",\"target\":{\"@type\":\"EntryPoint\",\"urlTemplate\":\"https:\\\/\\\/hotelnannycr.com\\\/?s={search_term_string}\"},\"query-input\":{\"@type\":\"PropertyValueSpecification\",\"valueRequired\":true,\"valueName\":\"search_term_string\"}}],\"inLanguage\":\"es-CR\"},{\"@type\":\"Organization\",\"@id\":\"https:\\\/\\\/hotelnannycr.com\\\/#organization\",\"name\":\"Hotel Nanny CR\",\"url\":\"https:\\\/\\\/hotelnannycr.com\\\/\",\"logo\":{\"@type\":\"ImageObject\",\"inLanguage\":\"es-CR\",\"@id\":\"https:\\\/\\\/hotelnannycr.com\\\/#\\\/schema\\\/logo\\\/image\\\/\",\"url\":\"https:\\\/\\\/hotelnannycr.com\\\/wp-content\\\/uploads\\\/2020\\\/09\\\/Logo-Colors-Transparent.png\",\"contentUrl\":\"https:\\\/\\\/hotelnannycr.com\\\/wp-content\\\/uploads\\\/2020\\\/09\\\/Logo-Colors-Transparent.png\",\"width\":5000,\"height\":2813,\"caption\":\"Hotel Nanny CR\"},\"image\":{\"@id\":\"https:\\\/\\\/hotelnannycr.com\\\/#\\\/schema\\\/logo\\\/image\\\/\"},\"sameAs\":[\"https:\\\/\\\/www.facebook.com\\\/people\\\/Hotel-Nanny-CR\"]}]}<\/script>\n<!-- \/ Yoast SEO plugin. -->","yoast_head_json":{"title":"Terms & Conditions - Hotel Nanny CR","robots":{"index":"index","follow":"follow","max-snippet":"max-snippet:-1","max-image-preview":"max-image-preview:large","max-video-preview":"max-video-preview:-1"},"canonical":"https:\/\/hotelnannycr.com\/es\/terms-and-conditions\/","og_locale":"es_ES","og_type":"article","og_title":"Terms & Conditions - Hotel Nanny CR","og_description":"Terms and Conditions for Child Care Services Please read these terms and conditions carefully before enrolling your child in our childcare services. By using our services, you agree to comply with and be bound by these terms and conditions. Reservations: Enrollment in our child care services is subject to availability and is based on a&hellip;","og_url":"https:\/\/hotelnannycr.com\/es\/terms-and-conditions\/","og_site_name":"Hotel Nanny CR","article_publisher":"https:\/\/www.facebook.com\/people\/Hotel-Nanny-CR","article_modified_time":"2023-09-18T12:20:22+00:00","twitter_card":"summary_large_image","twitter_misc":{"Est. reading time":"1 minuto"},"schema":{"@context":"https:\/\/schema.org","@graph":[{"@type":"WebPage","@id":"https:\/\/hotelnannycr.com\/terms-and-conditions\/","url":"https:\/\/hotelnannycr.com\/terms-and-conditions\/","name":"Terms & Conditions - Hotel Nanny CR","isPartOf":{"@id":"https:\/\/hotelnannycr.com\/#website"},"datePublished":"2020-09-27T21:07:34+00:00","dateModified":"2023-09-18T12:20:22+00:00","breadcrumb":{"@id":"https:\/\/hotelnannycr.com\/terms-and-conditions\/#breadcrumb"},"inLanguage":"es-CR","potentialAction":[{"@type":"ReadAction","target":["https:\/\/hotelnannycr.com\/terms-and-conditions\/"]}]},{"@type":"BreadcrumbList","@id":"https:\/\/hotelnannycr.com\/terms-and-conditions\/#breadcrumb","itemListElement":[{"@type":"ListItem","position":1,"name":"Home","item":"https:\/\/hotelnannycr.com\/"},{"@type":"ListItem","position":2,"name":"Terms &#038; Conditions"}]},{"@type":"WebSite","@id":"https:\/\/hotelnannycr.com\/#website","url":"https:\/\/hotelnannycr.com\/","name":"Hotel Nanny CR","description":"Vacation Child Care in Costa Rica","publisher":{"@id":"https:\/\/hotelnannycr.com\/#organization"},"potentialAction":[{"@type":"SearchAction","target":{"@type":"EntryPoint","urlTemplate":"https:\/\/hotelnannycr.com\/?s={search_term_string}"},"query-input":{"@type":"PropertyValueSpecification","valueRequired":true,"valueName":"search_term_string"}}],"inLanguage":"es-CR"},{"@type":"Organization","@id":"https:\/\/hotelnannycr.com\/#organization","name":"Hotel Nanny CR","url":"https:\/\/hotelnannycr.com\/","logo":{"@type":"ImageObject","inLanguage":"es-CR","@id":"https:\/\/hotelnannycr.com\/#\/schema\/logo\/image\/","url":"https:\/\/hotelnannycr.com\/wp-content\/uploads\/2020\/09\/Logo-Colors-Transparent.png","contentUrl":"https:\/\/hotelnannycr.com\/wp-content\/uploads\/2020\/09\/Logo-Colors-Transparent.png","width":5000,"height":2813,"caption":"Hotel Nanny CR"},"image":{"@id":"https:\/\/hotelnannycr.com\/#\/schema\/logo\/image\/"},"sameAs":["https:\/\/www.facebook.com\/people\/Hotel-Nanny-CR"]}]}},"_links":{"self":[{"href":"https:\/\/hotelnannycr.com\/es\/wp-json\/wp\/v2\/pages\/2385","targetHints":{"allow":["GET"]}}],"collection":[{"href":"https:\/\/hotelnannycr.com\/es\/wp-json\/wp\/v2\/pages"}],"about":[{"href":"https:\/\/hotelnannycr.com\/es\/wp-json\/wp\/v2\/types\/page"}],"author":[{"embeddable":true,"href":"https:\/\/hotelnannycr.com\/es\/wp-json\/wp\/v2\/users\/2"}],"replies":[{"embeddable":true,"href":"https:\/\/hotelnannycr.com\/es\/wp-json\/wp\/v2\/comments?post=2385"}],"version-history":[{"count":10,"href":"https:\/\/hotelnannycr.com\/es\/wp-json\/wp\/v2\/pages\/2385\/revisions"}],"predecessor-version":[{"id":8475,"href":"https:\/\/hotelnannycr.com\/es\/wp-json\/wp\/v2\/pages\/2385\/revisions\/8475"}],"wp:attachment":[{"href":"https:\/\/hotelnannycr.com\/es\/wp-json\/wp\/v2\/media?parent=2385"}],"curies":[{"name":"wp","href":"https:\/\/api.w.org\/{rel}","templated":true}]}}